{"id":274,"date":"2016-09-12T15:32:19","date_gmt":"2016-09-12T15:32:19","guid":{"rendered":"http:\/\/www.joandelamalla.com\/es\/?page_id=274"},"modified":"2018-10-10T07:31:49","modified_gmt":"2018-10-10T07:31:49","slug":"proyectos","status":"publish","type":"page","link":"https:\/\/www.joandelamalla.com\/es\/proyectos\/","title":{"rendered":"Proyectos"},"content":{"rendered":"<div class=\"wpb-content-wrapper\"><p>[vc_row row_type=\u00bbrow\u00bb use_row_as_full_screen_section=\u00bbno\u00bb type=\u00bbfull_width\u00bb text_align=\u00bbleft\u00bb css_animation=\u00bb\u00bb][vc_column]<div class='projects_holder_outer v3 portfolio_with_space portfolio_standard '><div class='projects_holder clearfix v3 standard portfolio_default_image '>\n<article class='mix portfolio_category_20 '><div class='image_holder default_hover'><span class='image'><img loading=\"lazy\" decoding=\"async\" width=\"550\" height=\"498\" src=\"https:\/\/www.joandelamalla.com\/wp-content\/uploads\/2018\/10\/JT34_DSC7739-1-550x498.jpg\" class=\"attachment-portfolio-default size-portfolio-default wp-post-image\" alt=\"Masked abuse is a photographic project of Joan de la Malla about the human-monkey (macaque) relation in some areas of Indonesia. Abuso enmascarado es un proyecto fotogr\u00e1fico de Joan de la Malla sobre la relaci\u00f3n entre hombres y monos (macacos) en algunas \u00e1reas de Indonesia.\" srcset=\"https:\/\/www.joandelamalla.com\/wp-content\/uploads\/2018\/10\/JT34_DSC7739-1-550x498.jpg 550w, https:\/\/www.joandelamalla.com\/wp-content\/uploads\/2018\/10\/JT34_DSC7739-1-480x434.jpg 480w, https:\/\/www.joandelamalla.com\/wp-content\/uploads\/2018\/10\/JT34_DSC7739-1-125x112.jpg 125w\" sizes=\"auto, (max-width: 550px) 100vw, 550px\" \/><\/span><a class='portfolio_link_class' href='https:\/\/www.joandelamalla.com\/es\/portfolio_page\/abuso-de-monos-2\/' target='_self'><\/a><div class=\"portfolio_shader\"><\/div><div class=\"icons_holder\"><div class=\"icons_holder_inner\"><\/div><\/div><\/div><div class='portfolio_description '><h4 class=\"portfolio_title\" ><a href=\"https:\/\/www.joandelamalla.com\/es\/portfolio_page\/abuso-de-monos-2\/\" target=\"_self\">Tras la m\u00e1scara<\/a><\/h4><h6 class=\"portfolio_subtitle\"><\/h6><\/div><\/article>\n<article class='mix portfolio_category_20 '><div class='image_holder default_hover'><span class='image'><img loading=\"lazy\" decoding=\"async\" width=\"550\" height=\"498\" src=\"https:\/\/www.joandelamalla.com\/wp-content\/uploads\/2020\/04\/8_BS14_DSC5571-sharpen-sharpen-550x498.jpg\" class=\"attachment-portfolio-default size-portfolio-default wp-post-image\" alt=\"\" srcset=\"https:\/\/www.joandelamalla.com\/wp-content\/uploads\/2020\/04\/8_BS14_DSC5571-sharpen-sharpen-550x498.jpg 550w, https:\/\/www.joandelamalla.com\/wp-content\/uploads\/2020\/04\/8_BS14_DSC5571-sharpen-sharpen-480x434.jpg 480w, https:\/\/www.joandelamalla.com\/wp-content\/uploads\/2020\/04\/8_BS14_DSC5571-sharpen-sharpen-125x112.jpg 125w\" sizes=\"auto, (max-width: 550px) 100vw, 550px\" \/><\/span><a class='portfolio_link_class' href='https:\/\/www.joandelamalla.com\/es\/portfolio_page\/los-ninos-de-la-selva-2\/' target='_self'><\/a><div class=\"portfolio_shader\"><\/div><div class=\"icons_holder\"><div class=\"icons_holder_inner\"><\/div><\/div><\/div><div class='portfolio_description '><h4 class=\"portfolio_title\" ><a href=\"https:\/\/www.joandelamalla.com\/es\/portfolio_page\/los-ninos-de-la-selva-2\/\" target=\"_self\">Los ni\u00f1os del bosque<\/a><\/h4><h6 class=\"portfolio_subtitle\"><\/h6><\/div><\/article>\n<article class='mix portfolio_category_20 '><div class='image_holder default_hover'><span class='image'><img loading=\"lazy\" decoding=\"async\" width=\"550\" height=\"498\" src=\"https:\/\/www.joandelamalla.com\/wp-content\/uploads\/2016\/10\/D2_23072012-_MG_2266-1-550x498.jpg\" class=\"attachment-portfolio-default size-portfolio-default wp-post-image\" alt=\"\" srcset=\"https:\/\/www.joandelamalla.com\/wp-content\/uploads\/2016\/10\/D2_23072012-_MG_2266-1-550x498.jpg 550w, https:\/\/www.joandelamalla.com\/wp-content\/uploads\/2016\/10\/D2_23072012-_MG_2266-1-480x434.jpg 480w, https:\/\/www.joandelamalla.com\/wp-content\/uploads\/2016\/10\/D2_23072012-_MG_2266-1-125x112.jpg 125w\" sizes=\"auto, (max-width: 550px) 100vw, 550px\" \/><\/span><a class='portfolio_link_class' href='https:\/\/www.joandelamalla.com\/es\/portfolio_page\/los-ultimos-dias-del-eden\/' target='_self'><\/a><div class=\"portfolio_shader\"><\/div><div class=\"icons_holder\"><div class=\"icons_holder_inner\"><\/div><\/div><\/div><div class='portfolio_description '><h4 class=\"portfolio_title\" ><a href=\"https:\/\/www.joandelamalla.com\/es\/portfolio_page\/los-ultimos-dias-del-eden\/\" target=\"_self\">Los \u00faltimos d\u00edas del ed\u00e9n<\/a><\/h4><h6 class=\"portfolio_subtitle\"><\/h6><\/div><\/article>\n<article class='mix portfolio_category_20 '><div class='image_holder default_hover'><span class='image'><img loading=\"lazy\" decoding=\"async\" width=\"550\" height=\"498\" src=\"https:\/\/www.joandelamalla.com\/wp-content\/uploads\/2017\/01\/R21_DSC9850-1-550x498.jpg\" class=\"attachment-portfolio-default size-portfolio-default wp-post-image\" alt=\"\" srcset=\"https:\/\/www.joandelamalla.com\/wp-content\/uploads\/2017\/01\/R21_DSC9850-1-550x498.jpg 550w, https:\/\/www.joandelamalla.com\/wp-content\/uploads\/2017\/01\/R21_DSC9850-1-480x434.jpg 480w, https:\/\/www.joandelamalla.com\/wp-content\/uploads\/2017\/01\/R21_DSC9850-1-125x112.jpg 125w\" sizes=\"auto, (max-width: 550px) 100vw, 550px\" \/><\/span><a class='portfolio_link_class' href='https:\/\/www.joandelamalla.com\/es\/portfolio_page\/los-ojos-de-amboseli\/' target='_self'><\/a><div class=\"portfolio_shader\"><\/div><div class=\"icons_holder\"><div class=\"icons_holder_inner\"><\/div><\/div><\/div><div class='portfolio_description '><h4 class=\"portfolio_title\" ><a href=\"https:\/\/www.joandelamalla.com\/es\/portfolio_page\/los-ojos-de-amboseli\/\" target=\"_self\">Los ojos de Amboseli<\/a><\/h4><h6 class=\"portfolio_subtitle\"><\/h6><\/div><\/article>\n<article class='mix portfolio_category_20 '><div class='image_holder default_hover'><span class='image'><img loading=\"lazy\" decoding=\"async\" width=\"550\" height=\"498\" src=\"https:\/\/www.joandelamalla.com\/wp-content\/uploads\/2016\/09\/F10_DSC2797-2-550x498.jpg\" class=\"attachment-portfolio-default size-portfolio-default wp-post-image\" alt=\"\" srcset=\"https:\/\/www.joandelamalla.com\/wp-content\/uploads\/2016\/09\/F10_DSC2797-2-550x498.jpg 550w, https:\/\/www.joandelamalla.com\/wp-content\/uploads\/2016\/09\/F10_DSC2797-2-480x434.jpg 480w, https:\/\/www.joandelamalla.com\/wp-content\/uploads\/2016\/09\/F10_DSC2797-2-125x112.jpg 125w\" sizes=\"auto, (max-width: 550px) 100vw, 550px\" \/><\/span><a class='portfolio_link_class' href='https:\/\/www.joandelamalla.com\/es\/portfolio_page\/tala-y-quema-en-madagascar\/' target='_self'><\/a><div class=\"portfolio_shader\"><\/div><div class=\"icons_holder\"><div class=\"icons_holder_inner\"><\/div><\/div><\/div><div class='portfolio_description '><h4 class=\"portfolio_title\" ><a href=\"https:\/\/www.joandelamalla.com\/es\/portfolio_page\/tala-y-quema-en-madagascar\/\" target=\"_self\">Tala y quema en Madagascar<\/a><\/h4><h6 class=\"portfolio_subtitle\"><\/h6><\/div><\/article>\n<article class='mix portfolio_category_20 '><div class='image_holder default_hover'><span class='image'><img loading=\"lazy\" decoding=\"async\" width=\"550\" height=\"498\" src=\"https:\/\/www.joandelamalla.com\/wp-content\/uploads\/2016\/10\/PB13_DSC7243-1-550x498.jpg\" class=\"attachment-portfolio-default size-portfolio-default wp-post-image\" alt=\"\" srcset=\"https:\/\/www.joandelamalla.com\/wp-content\/uploads\/2016\/10\/PB13_DSC7243-1-550x498.jpg 550w, https:\/\/www.joandelamalla.com\/wp-content\/uploads\/2016\/10\/PB13_DSC7243-1-480x434.jpg 480w, https:\/\/www.joandelamalla.com\/wp-content\/uploads\/2016\/10\/PB13_DSC7243-1-125x112.jpg 125w\" sizes=\"auto, (max-width: 550px) 100vw, 550px\" \/><\/span><a class='portfolio_link_class' href='https:\/\/www.joandelamalla.com\/es\/portfolio_page\/pasar-burung\/' target='_self'><\/a><div class=\"portfolio_shader\"><\/div><div class=\"icons_holder\"><div class=\"icons_holder_inner\"><\/div><\/div><\/div><div class='portfolio_description '><h4 class=\"portfolio_title\" ><a href=\"https:\/\/www.joandelamalla.com\/es\/portfolio_page\/pasar-burung\/\" target=\"_self\">A la venta<\/a><\/h4><h6 class=\"portfolio_subtitle\"><\/h6><\/div><\/article>\n<article class='mix portfolio_category_20 '><div class='image_holder default_hover'><span class='image'><img loading=\"lazy\" decoding=\"async\" width=\"550\" height=\"498\" src=\"https:\/\/www.joandelamalla.com\/wp-content\/uploads\/2016\/09\/B27_DSC7391-2-550x498.jpg\" class=\"attachment-portfolio-default size-portfolio-default wp-post-image\" alt=\"\" srcset=\"https:\/\/www.joandelamalla.com\/wp-content\/uploads\/2016\/09\/B27_DSC7391-2-550x498.jpg 550w, https:\/\/www.joandelamalla.com\/wp-content\/uploads\/2016\/09\/B27_DSC7391-2-480x434.jpg 480w, https:\/\/www.joandelamalla.com\/wp-content\/uploads\/2016\/09\/B27_DSC7391-2-125x112.jpg 125w\" sizes=\"auto, (max-width: 550px) 100vw, 550px\" \/><\/span><a class='portfolio_link_class' href='https:\/\/www.joandelamalla.com\/es\/portfolio_page\/ciencia-y-murcielagos-en-madagascar\/' target='_self'><\/a><div class=\"portfolio_shader\"><\/div><div class=\"icons_holder\"><div class=\"icons_holder_inner\"><\/div><\/div><\/div><div class='portfolio_description '><h4 class=\"portfolio_title\" ><a href=\"https:\/\/www.joandelamalla.com\/es\/portfolio_page\/ciencia-y-murcielagos-en-madagascar\/\" target=\"_self\">Ciencia y murci\u00e9lagos en Madagascar<\/a><\/h4><h6 class=\"portfolio_subtitle\"><\/h6><\/div><\/article>\n<article class='mix portfolio_category_20 '><div class='image_holder default_hover'><span class='image'><img loading=\"lazy\" decoding=\"async\" width=\"550\" height=\"498\" src=\"https:\/\/www.joandelamalla.com\/wp-content\/uploads\/2018\/09\/HPO22_DSC5913-1-550x498.jpg\" class=\"attachment-portfolio-default size-portfolio-default wp-post-image\" alt=\"\" srcset=\"https:\/\/www.joandelamalla.com\/wp-content\/uploads\/2018\/09\/HPO22_DSC5913-1-550x498.jpg 550w, https:\/\/www.joandelamalla.com\/wp-content\/uploads\/2018\/09\/HPO22_DSC5913-1-480x434.jpg 480w, https:\/\/www.joandelamalla.com\/wp-content\/uploads\/2018\/09\/HPO22_DSC5913-1-125x112.jpg 125w\" sizes=\"auto, (max-width: 550px) 100vw, 550px\" \/><\/span><a class='portfolio_link_class' href='https:\/\/www.joandelamalla.com\/es\/portfolio_page\/la-maldicion-de-harry-potter\/' target='_self'><\/a><div class=\"portfolio_shader\"><\/div><div class=\"icons_holder\"><div class=\"icons_holder_inner\"><\/div><\/div><\/div><div class='portfolio_description '><h4 class=\"portfolio_title\" ><a href=\"https:\/\/www.joandelamalla.com\/es\/portfolio_page\/la-maldicion-de-harry-potter\/\" target=\"_self\">La maldici\u00f3n de Harry Potter<\/a><\/h4><h6 class=\"portfolio_subtitle\"><\/h6><\/div><\/article>\n<article class='mix portfolio_category_20 '><div class='image_holder default_hover'><span class='image'><img loading=\"lazy\" decoding=\"async\" width=\"550\" height=\"498\" src=\"https:\/\/www.joandelamalla.com\/wp-content\/uploads\/2020\/04\/2_B030337-550x498.jpg\" class=\"attachment-portfolio-default size-portfolio-default wp-post-image\" alt=\"\" srcset=\"https:\/\/www.joandelamalla.com\/wp-content\/uploads\/2020\/04\/2_B030337-550x498.jpg 550w, https:\/\/www.joandelamalla.com\/wp-content\/uploads\/2020\/04\/2_B030337-480x434.jpg 480w, https:\/\/www.joandelamalla.com\/wp-content\/uploads\/2020\/04\/2_B030337-125x112.jpg 125w\" sizes=\"auto, (max-width: 550px) 100vw, 550px\" \/><\/span><a class='portfolio_link_class' href='https:\/\/www.joandelamalla.com\/es\/portfolio_page\/ciudaddemonos\/' target='_self'><\/a><div class=\"portfolio_shader\"><\/div><div class=\"icons_holder\"><div class=\"icons_holder_inner\"><\/div><\/div><\/div><div class='portfolio_description '><h4 class=\"portfolio_title\" ><a href=\"https:\/\/www.joandelamalla.com\/es\/portfolio_page\/ciudaddemonos\/\" target=\"_self\">La ciudad de los monos<\/a><\/h4><h6 class=\"portfolio_subtitle\"><\/h6><\/div><\/article>\n<article class='mix portfolio_category_20 '><div class='image_holder default_hover'><span class='image'><img loading=\"lazy\" decoding=\"async\" width=\"550\" height=\"498\" src=\"https:\/\/www.joandelamalla.com\/wp-content\/uploads\/2018\/09\/PT13V2DJI_0164-1-550x498.jpg\" class=\"attachment-portfolio-default size-portfolio-default wp-post-image\" alt=\"\" srcset=\"https:\/\/www.joandelamalla.com\/wp-content\/uploads\/2018\/09\/PT13V2DJI_0164-1-550x498.jpg 550w, https:\/\/www.joandelamalla.com\/wp-content\/uploads\/2018\/09\/PT13V2DJI_0164-1-480x434.jpg 480w, https:\/\/www.joandelamalla.com\/wp-content\/uploads\/2018\/09\/PT13V2DJI_0164-1-125x112.jpg 125w\" sizes=\"auto, (max-width: 550px) 100vw, 550px\" \/><\/span><a class='portfolio_link_class' href='https:\/\/www.joandelamalla.com\/es\/portfolio_page\/pesca-en-el-norte-de-sulawesi\/' target='_self'><\/a><div class=\"portfolio_shader\"><\/div><div class=\"icons_holder\"><div class=\"icons_holder_inner\"><\/div><\/div><\/div><div class='portfolio_description '><h4 class=\"portfolio_title\" ><a href=\"https:\/\/www.joandelamalla.com\/es\/portfolio_page\/pesca-en-el-norte-de-sulawesi\/\" target=\"_self\">Pesca en el Norte de Sulawesi<\/a><\/h4><h6 class=\"portfolio_subtitle\"><\/h6><\/div><\/article>\n<article class='mix portfolio_category_20 '><div class='image_holder default_hover'><span class='image'><img loading=\"lazy\" decoding=\"async\" width=\"550\" height=\"498\" src=\"https:\/\/www.joandelamalla.com\/wp-content\/uploads\/2017\/01\/W0_DSC8232-1-550x498.jpg\" class=\"attachment-portfolio-default size-portfolio-default wp-post-image\" alt=\"\" srcset=\"https:\/\/www.joandelamalla.com\/wp-content\/uploads\/2017\/01\/W0_DSC8232-1-550x498.jpg 550w, https:\/\/www.joandelamalla.com\/wp-content\/uploads\/2017\/01\/W0_DSC8232-1-480x434.jpg 480w, https:\/\/www.joandelamalla.com\/wp-content\/uploads\/2017\/01\/W0_DSC8232-1-125x112.jpg 125w\" sizes=\"auto, (max-width: 550px) 100vw, 550px\" \/><\/span><a class='portfolio_link_class' href='https:\/\/www.joandelamalla.com\/es\/portfolio_page\/manteniendo-la-sabana-verde\/' target='_self'><\/a><div class=\"portfolio_shader\"><\/div><div class=\"icons_holder\"><div class=\"icons_holder_inner\"><\/div><\/div><\/div><div class='portfolio_description '><h4 class=\"portfolio_title\" ><a href=\"https:\/\/www.joandelamalla.com\/es\/portfolio_page\/manteniendo-la-sabana-verde\/\" target=\"_self\">Manteniendo la sabana verde<\/a><\/h4><h6 class=\"portfolio_subtitle\"><\/h6><\/div><\/article>\n<article class='mix portfolio_category_20 '><div class='image_holder default_hover'><span class='image'><img loading=\"lazy\" decoding=\"async\" width=\"550\" height=\"498\" src=\"https:\/\/www.joandelamalla.com\/wp-content\/uploads\/2018\/09\/TR21_DSC5433-550x498.jpg\" class=\"attachment-portfolio-default size-portfolio-default wp-post-image\" alt=\"\" srcset=\"https:\/\/www.joandelamalla.com\/wp-content\/uploads\/2018\/09\/TR21_DSC5433-550x498.jpg 550w, https:\/\/www.joandelamalla.com\/wp-content\/uploads\/2018\/09\/TR21_DSC5433-480x434.jpg 480w, https:\/\/www.joandelamalla.com\/wp-content\/uploads\/2018\/09\/TR21_DSC5433-125x112.jpg 125w\" sizes=\"auto, (max-width: 550px) 100vw, 550px\" \/><\/span><a class='portfolio_link_class' href='https:\/\/www.joandelamalla.com\/es\/portfolio_page\/expedicion-en-turkana\/' target='_self'><\/a><div class=\"portfolio_shader\"><\/div><div class=\"icons_holder\"><div class=\"icons_holder_inner\"><\/div><\/div><\/div><div class='portfolio_description '><h4 class=\"portfolio_title\" ><a href=\"https:\/\/www.joandelamalla.com\/es\/portfolio_page\/expedicion-en-turkana\/\" target=\"_self\">Investigaci\u00f3n en Turkana<\/a><\/h4><h6 class=\"portfolio_subtitle\"><\/h6><\/div><\/article>\n<article class='mix portfolio_category_20 '><div class='image_holder default_hover'><span class='image'><img loading=\"lazy\" decoding=\"async\" width=\"550\" height=\"498\" src=\"https:\/\/www.joandelamalla.com\/wp-content\/uploads\/2018\/09\/11_BCA19_DSC5942-1-550x498.jpg\" class=\"attachment-portfolio-default size-portfolio-default wp-post-image\" alt=\"\" srcset=\"https:\/\/www.joandelamalla.com\/wp-content\/uploads\/2018\/09\/11_BCA19_DSC5942-1-550x498.jpg 550w, https:\/\/www.joandelamalla.com\/wp-content\/uploads\/2018\/09\/11_BCA19_DSC5942-1-480x434.jpg 480w, https:\/\/www.joandelamalla.com\/wp-content\/uploads\/2018\/09\/11_BCA19_DSC5942-1-125x112.jpg 125w\" sizes=\"auto, (max-width: 550px) 100vw, 550px\" \/><\/span><a class='portfolio_link_class' href='https:\/\/www.joandelamalla.com\/es\/portfolio_page\/la-historia-de-cantik\/' target='_self'><\/a><div class=\"portfolio_shader\"><\/div><div class=\"icons_holder\"><div class=\"icons_holder_inner\"><\/div><\/div><\/div><div class='portfolio_description '><h4 class=\"portfolio_title\" ><a href=\"https:\/\/www.joandelamalla.com\/es\/portfolio_page\/la-historia-de-cantik\/\" target=\"_self\">La historia de Cantik<\/a><\/h4><h6 class=\"portfolio_subtitle\"><\/h6><\/div><\/article>\n<article class='mix portfolio_category_20 '><div class='image_holder default_hover'><span class='image'><img loading=\"lazy\" decoding=\"async\" width=\"550\" height=\"498\" src=\"https:\/\/www.joandelamalla.com\/wp-content\/uploads\/2018\/09\/4b_KI20_DSC4178-550x498.jpg\" class=\"attachment-portfolio-default size-portfolio-default wp-post-image\" alt=\"\" srcset=\"https:\/\/www.joandelamalla.com\/wp-content\/uploads\/2018\/09\/4b_KI20_DSC4178-550x498.jpg 550w, https:\/\/www.joandelamalla.com\/wp-content\/uploads\/2018\/09\/4b_KI20_DSC4178-480x434.jpg 480w, https:\/\/www.joandelamalla.com\/wp-content\/uploads\/2018\/09\/4b_KI20_DSC4178-125x112.jpg 125w\" sizes=\"auto, (max-width: 550px) 100vw, 550px\" \/><\/span><a class='portfolio_link_class' href='https:\/\/www.joandelamalla.com\/es\/portfolio_page\/mineria-de-azufre\/' target='_self'><\/a><div class=\"portfolio_shader\"><\/div><div class=\"icons_holder\"><div class=\"icons_holder_inner\"><\/div><\/div><\/div><div class='portfolio_description '><h4 class=\"portfolio_title\" ><a href=\"https:\/\/www.joandelamalla.com\/es\/portfolio_page\/mineria-de-azufre\/\" target=\"_self\">Cosechando las ra\u00edces de la tierra<\/a><\/h4><h6 class=\"portfolio_subtitle\"><\/h6><\/div><\/article>\n<article class='mix portfolio_category_20 '><div class='image_holder default_hover'><span class='image'><img loading=\"lazy\" decoding=\"async\" width=\"550\" height=\"498\" src=\"https:\/\/www.joandelamalla.com\/wp-content\/uploads\/2016\/09\/E10_DSC9433-2-550x498.jpg\" class=\"attachment-portfolio-default size-portfolio-default wp-post-image\" alt=\"\" srcset=\"https:\/\/www.joandelamalla.com\/wp-content\/uploads\/2016\/09\/E10_DSC9433-2-550x498.jpg 550w, https:\/\/www.joandelamalla.com\/wp-content\/uploads\/2016\/09\/E10_DSC9433-2-480x434.jpg 480w, https:\/\/www.joandelamalla.com\/wp-content\/uploads\/2016\/09\/E10_DSC9433-2-125x112.jpg 125w\" sizes=\"auto, (max-width: 550px) 100vw, 550px\" \/><\/span><a class='portfolio_link_class' href='https:\/\/www.joandelamalla.com\/es\/portfolio_page\/una-nueva-oportunidad\/' target='_self'><\/a><div class=\"portfolio_shader\"><\/div><div class=\"icons_holder\"><div class=\"icons_holder_inner\"><\/div><\/div><\/div><div class='portfolio_description '><h4 class=\"portfolio_title\" ><a href=\"https:\/\/www.joandelamalla.com\/es\/portfolio_page\/una-nueva-oportunidad\/\" target=\"_self\">Una nueva oportunidad<\/a><\/h4><h6 class=\"portfolio_subtitle\"><\/h6><\/div><\/article>\n<div class='filler'><\/div>\n<div class='filler'><\/div>\n<div class='filler'><\/div>\n<\/div><div class=\"portfolio_paging\"><span rel=\"2\" class=\"load_more\"><a href=\"https:\/\/www.joandelamalla.com\/es\/wp-json\/wp\/v2\/pages\/274\/page\/2\/\" >Show more<\/a><\/span><\/div><div class=\"portfolio_paging_loading\"><a href=\"javascript: void(0)\" class=\"qbutton\">Loading...<\/a><\/div><\/div>[\/vc_column][\/vc_row]<\/p>\n<\/div>","protected":false},"excerpt":{"rendered":"<p>[vc_row row_type=\u00bbrow\u00bb use_row_as_full_screen_section=\u00bbno\u00bb type=\u00bbfull_width\u00bb text_align=\u00bbleft\u00bb css_animation=\u00bb\u00bb][vc_column][\/vc_column][\/vc_row]<\/p>\n","protected":false},"author":2,"featured_media":3809,"parent":0,"menu_order":0,"comment_status":"closed","ping_status":"closed","template":"","meta":{"footnotes":""},"class_list":["post-274","page","type-page","status-publish","has-post-thumbnail","hentry"],"_links":{"self":[{"href":"https:\/\/www.joandelamalla.com\/es\/wp-json\/wp\/v2\/pages\/274","targetHints":{"allow":["GET"]}}],"collection":[{"href":"https:\/\/www.joandelamalla.com\/es\/wp-json\/wp\/v2\/pages"}],"about":[{"href":"https:\/\/www.joandelamalla.com\/es\/wp-json\/wp\/v2\/types\/page"}],"author":[{"embeddable":true,"href":"https:\/\/www.joandelamalla.com\/es\/wp-json\/wp\/v2\/users\/2"}],"replies":[{"embeddable":true,"href":"https:\/\/www.joandelamalla.com\/es\/wp-json\/wp\/v2\/comments?post=274"}],"version-history":[{"count":9,"href":"https:\/\/www.joandelamalla.com\/es\/wp-json\/wp\/v2\/pages\/274\/revisions"}],"predecessor-version":[{"id":499,"href":"https:\/\/www.joandelamalla.com\/es\/wp-json\/wp\/v2\/pages\/274\/revisions\/499"}],"wp:featuredmedia":[{"embeddable":true,"href":"https:\/\/www.joandelamalla.com\/es\/wp-json\/wp\/v2\/media\/3809"}],"wp:attachment":[{"href":"https:\/\/www.joandelamalla.com\/es\/wp-json\/wp\/v2\/media?parent=274"}],"curies":[{"name":"wp","href":"https:\/\/api.w.org\/{rel}","templated":true}]}}