{"id":4455,"date":"2020-09-22T18:24:41","date_gmt":"2020-09-22T18:24:41","guid":{"rendered":"http:\/\/www.joandelamalla.com\/hidden-stories-el-libro\/"},"modified":"2021-04-17T16:26:15","modified_gmt":"2021-04-17T16:26:15","slug":"hidden-stories-el-libro","status":"publish","type":"page","link":"https:\/\/www.joandelamalla.com\/es\/hidden-stories-el-libro\/","title":{"rendered":"Hidden Stories: El libro"},"content":{"rendered":"<div class=\"wpb-content-wrapper\"><p>[vc_row css_animation=\u00bb\u00bb row_type=\u00bbrow\u00bb use_row_as_full_screen_section=\u00bbno\u00bb type=\u00bbfull_width\u00bb text_align=\u00bbleft\u00bb][vc_column][vc_column_text]<\/p>\n<h2 style=\"text-align: center;\">Hidden Stories: El libro<\/h2>\n<p>[\/vc_column_text][vc_empty_space height=\u00bb100px\u00bb][\/vc_column][\/vc_row][vc_row css_animation=\u00bb\u00bb row_type=\u00bbrow\u00bb use_row_as_full_screen_section=\u00bbno\u00bb type=\u00bbfull_width\u00bb text_align=\u00bbleft\u00bb][vc_column width=\u00bb1\/2&#8243;][vc_single_image image=\u00bb4436&#8243; img_size=\u00bbfull\u00bb qode_css_animation=\u00bb\u00bb][\/vc_column][vc_column width=\u00bb1\/2&#8243;][vc_column_text]<\/p>\n<p><em><strong>\u00abEl libro de Joan de la Malla expone de un modo novedoso y estimulante el terrible da\u00f1o que los seres humanos estamos infligiendo al mundo natural. La mayor\u00eda de la gente no percibe las consecuencias que nuestras acciones tienen en el mundo, pero cuando rasgamos el papel nos encontramos cara a cara, de forma impactante, con el terrible da\u00f1o que causamos. Hidden Stories despierta nuestra conciencia y, lo que es aun m\u00e1s importante, propone acciones que podemos hacer en nuestra vida diaria para ayudar a mitigar el da\u00f1o.\u00bb<\/strong><\/em><\/p>\n<h4><\/h4>\n<h4><b>Dr. Jane Goodall,\u00a0 DBE<\/b><\/h4>\n<p>Fundadora del instituto Jane Goodall<\/p>\n<p>y Mensajera de la Paz de la ONU<\/p>\n<p>[\/vc_column_text][vc_empty_space height=\u00bb40px\u00bb]<a href=\"http:\/\/www.joandelamalla.com\/es\/producto\/hidden-stories-el-libro\/\" target=\"_self\"  class=\"qbutton  medium\" style=\"\">COMPRA AHORA<\/a>[\/vc_column][\/vc_row][vc_row css_animation=\u00bb\u00bb row_type=\u00bbrow\u00bb use_row_as_full_screen_section=\u00bbno\u00bb type=\u00bbfull_width\u00bb text_align=\u00bbleft\u00bb][vc_column][vc_empty_space height=\u00bb100px\u00bb][vc_single_image image=\u00bb4519&#8243; img_size=\u00bbfull\u00bb qode_css_animation=\u00bb\u00bb][vc_empty_space height=\u00bb100px\u00bb][\/vc_column][\/vc_row][vc_row css_animation=\u00bb\u00bb row_type=\u00bbrow\u00bb use_row_as_full_screen_section=\u00bbno\u00bb type=\u00bbfull_width\u00bb text_align=\u00bbleft\u00bb][vc_column width=\u00bb1\/2&#8243;][vc_column_text]<\/p>\n<p><strong>HIDDEN STORIES\u00a0<\/strong>es un libro fotogr\u00e1fico creado con los m\u00e1s altos est\u00e1ndares de calidad que aspira a contribuir a la conservaci\u00f3n de la naturaleza a trav\u00e9s de la <strong>originalidad<\/strong>, la <strong>concienciaci\u00f3n<\/strong> y la <strong>emoci\u00f3n<\/strong>.<\/p>\n<p>&nbsp;<\/p>\n<p>El libro (cuyos textos est\u00e1n en ingl\u00e9s y castellano) presenta 25 historias de conservaci\u00f3n. A trav\u00e9s de esas historias <strong>se pretende que el lector reflexione acerca de nuestro impacto en el planeta\u00a0<\/strong>y sobre como nuestros h\u00e1bitos diarios pueden afectar o mitigar dicho impacto.<\/p>\n<p>[\/vc_column_text][\/vc_column][vc_column width=\u00bb1\/2&#8243;][vc_column_text]<\/p>\n<h3>HIDDEN STORIES propone una nueva y original aproximaci\u00f3n a los libros de fotograf\u00eda tradicionales al hacer participar al lector en un proceso de toma de decisiones para descubrir las amenazas a las que se enfrenta la naturaleza.<\/h3>\n<p>[\/vc_column_text][\/vc_column][\/vc_row][vc_row css_animation=\u00bb\u00bb row_type=\u00bbrow\u00bb use_row_as_full_screen_section=\u00bbno\u00bb type=\u00bbfull_width\u00bb text_align=\u00bbleft\u00bb][vc_column][vc_empty_space height=\u00bb50px\u00bb][vc_accordion active_tab=\u00bbfalse\u00bb style=\u00bbboxed_toggle\u00bb][vc_accordion_tab title=\u00bbM\u00c1S INFORMACIONES\u00bb][vc_row_inner row_type=\u00bbrow\u00bb type=\u00bbfull_width\u00bb use_row_as_full_screen_section_slide=\u00bbno\u00bb text_align=\u00bbleft\u00bb css_animation=\u00bb\u00bb][vc_column_inner width=\u00bb1\/2&#8243;][vc_column_text]<\/p>\n<p>Para ello, el libro se presenta en una variaci\u00f3n de la encuadernaci\u00f3n japonesa (en la que las hojas est\u00e1n plegadas por su margen exterior)con im\u00e1genes de maravillosos y pr\u00edstinos escenarios naturales en las p\u00e1ginas exteriores de cada pliego. Para descubrir las historias ocultas relacionadas con estas escenas el lector deber\u00e1 cortar el margen de la p\u00e1gina para poder acceder a las hojas interiores (hay dos dobles p\u00e1ginas dentro de cada pliego). Una vez en las p\u00e1ginas interiores el lector no solo descubrir\u00e1 fotograf\u00edas y textos sobre problemas medioambientales o exitosas historias de conservaci\u00f3n, sino tambi\u00e9n reflexiones sobre que puede hacer para contribuir a la conservaci\u00f3n de cada \u00e1rea espec\u00edfica.<\/p>\n<p>&nbsp;<\/p>\n<p>El acto de cortar las hojas es una met\u00e1fora sobre lo maravillosa que es la naturaleza sin el impacto humano y la problem\u00e1tica de abusar de forma irresponsable del patrimonio natural.<\/p>\n<p>&nbsp;<\/p>\n<p>Tambi\u00e9nnos recuerda que cuando los humanos actuamos sobre la naturaleza podemos da\u00f1arla de forma irreversible, como las p\u00e1ginas de libro, que una vez cortadas no podr\u00e1n volver a ser restauradas.<\/p>\n<p>[\/vc_column_text][\/vc_column_inner][vc_column_inner width=\u00bb1\/2&#8243;][vc_column_text]<\/p>\n<p>Pero aun m\u00e1s importante, esta acci\u00f3n es tambi\u00e9n una met\u00e1fora sobre nuestra aproximaci\u00f3n a la conservaci\u00f3n:<\/p>\n<p>&nbsp;<\/p>\n<ul>\n<li><strong>Debemos hacer el esfuerzo de mirar si realmente queremos saber que pasa<\/strong><\/li>\n<li><strong>Debemostomar partido para descubrir los problemas ocultos que subyacen nuestras formas de vida modernas<\/strong><\/li>\n<li><strong>Debemos actuar asumiendo que cada acci\u00f3n tiene sus consecuencias<\/strong><\/li>\n<\/ul>\n<p>&nbsp;<\/p>\n<p>Toda acci\u00f3n en favor de la conservaci\u00f3n requiere de peque\u00f1os sacrificios. Tal vez alg\u00fan cambio en nuestra forma de vida, representado en este caso por la\u201cdestrucci\u00f3n\u201d del aspecto inicial y pr\u00edstino del libro comos\u00edmbolodel sacrificio que uno debe hacer.<\/p>\n<p>&nbsp;<\/p>\n<p>En resumen, el libro pretende recordarnos que tras cada bonita escena naturalpuede existir una historia oculta. A menudo la informaci\u00f3n relacionada con estas historias no es f\u00e1cil de obtener y para conocer la verdad debemos adoptar una actitud prospectiva.<\/p>\n<p>[\/vc_column_text][\/vc_column_inner][\/vc_row_inner][\/vc_accordion_tab][\/vc_accordion][\/vc_column][\/vc_row][vc_row css_animation=\u00bb\u00bb row_type=\u00bbrow\u00bb use_row_as_full_screen_section=\u00bbno\u00bb type=\u00bbfull_width\u00bb text_align=\u00bbleft\u00bb][vc_column][vc_empty_space height=\u00bb100px\u00bb][vc_single_image image=\u00bb4516&#8243; img_size=\u00bbfull\u00bb qode_css_animation=\u00bb\u00bb][vc_empty_space height=\u00bb100px\u00bb][\/vc_column][\/vc_row]<\/p>\n<\/div>","protected":false},"excerpt":{"rendered":"<p>[vc_row css_animation=\u00bb\u00bb row_type=\u00bbrow\u00bb use_row_as_full_screen_section=\u00bbno\u00bb type=\u00bbfull_width\u00bb text_align=\u00bbleft\u00bb][vc_column][vc_column_text] Hidden Stories: El libro [\/vc_column_text][vc_empty_space height=\u00bb100px\u00bb][\/vc_column][\/vc_row][vc_row css_animation=\u00bb\u00bb row_type=\u00bbrow\u00bb use_row_as_full_screen_section=\u00bbno\u00bb type=\u00bbfull_width\u00bb text_align=\u00bbleft\u00bb][vc_column width=\u00bb1\/2&#8243;][vc_single_image image=\u00bb4436&#8243; img_size=\u00bbfull\u00bb qode_css_animation=\u00bb\u00bb][\/vc_column][vc_column width=\u00bb1\/2&#8243;][vc_column_text] \u00abEl libro de Joan de la Malla expone de un modo novedoso y estimulante el terrible da\u00f1o que los seres humanos estamos infligiendo&#8230;<\/p>\n","protected":false},"author":1,"featured_media":0,"parent":0,"menu_order":0,"comment_status":"closed","ping_status":"closed","template":"","meta":{"footnotes":""},"class_list":["post-4455","page","type-page","status-publish","hentry"],"_links":{"self":[{"href":"https:\/\/www.joandelamalla.com\/es\/wp-json\/wp\/v2\/pages\/4455","targetHints":{"allow":["GET"]}}],"collection":[{"href":"https:\/\/www.joandelamalla.com\/es\/wp-json\/wp\/v2\/pages"}],"about":[{"href":"https:\/\/www.joandelamalla.com\/es\/wp-json\/wp\/v2\/types\/page"}],"author":[{"embeddable":true,"href":"https:\/\/www.joandelamalla.com\/es\/wp-json\/wp\/v2\/users\/1"}],"replies":[{"embeddable":true,"href":"https:\/\/www.joandelamalla.com\/es\/wp-json\/wp\/v2\/comments?post=4455"}],"version-history":[{"count":14,"href":"https:\/\/www.joandelamalla.com\/es\/wp-json\/wp\/v2\/pages\/4455\/revisions"}],"predecessor-version":[{"id":4521,"href":"https:\/\/www.joandelamalla.com\/es\/wp-json\/wp\/v2\/pages\/4455\/revisions\/4521"}],"wp:attachment":[{"href":"https:\/\/www.joandelamalla.com\/es\/wp-json\/wp\/v2\/media?parent=4455"}],"curies":[{"name":"wp","href":"https:\/\/api.w.org\/{rel}","templated":true}]}}