{"id":525,"date":"2016-09-20T13:46:52","date_gmt":"2016-09-20T13:46:52","guid":{"rendered":"http:\/\/www.joandelamalla.com\/es\/?page_id=525"},"modified":"2018-10-15T13:59:51","modified_gmt":"2018-10-15T13:59:51","slug":"talleres","status":"publish","type":"page","link":"https:\/\/www.joandelamalla.com\/es\/talleres\/","title":{"rendered":"Talleres"},"content":{"rendered":"<div class=\"wpb-content-wrapper\"><p>[vc_row row_type=\u00bbrow\u00bb use_row_as_full_screen_section=\u00bbno\u00bb type=\u00bbfull_width\u00bb text_align=\u00bbleft\u00bb css_animation=\u00bb\u00bb][vc_column][vc_column_text]<\/p>\n<h3><strong>Workshops de fotograf\u00eda personalizados y para grupos<\/strong><\/h3>\n<p>&nbsp;<\/p>\n<p>Estos talleres de fotograf\u00eda est\u00e1n especialmente dise\u00f1ados para sacar el m\u00e1ximo provecho a los lugares que se visitan y, a la vez, aprender durante el proceso. Acomp\u00e1\u00f1ame y te ayudar\u00e9 a mejorar tu t\u00e9cnica, composici\u00f3n y narrativa visual mientras disfrutamos de una experiencia \u00fanica.[\/vc_column_text][vc_empty_space height=\u00bb40px\u00bb]<div class='projects_holder_outer v3 portfolio_with_space portfolio_standard '><div class='projects_holder clearfix v3 standard portfolio_default_image '>\n<article class='mix portfolio_category_38 portfolio_category_44 '><div class='image_holder default_hover'><span class='image'><img loading=\"lazy\" decoding=\"async\" width=\"550\" height=\"498\" src=\"https:\/\/www.joandelamalla.com\/wp-content\/uploads\/2017\/03\/b46-550x498.jpg\" class=\"attachment-portfolio-default size-portfolio-default wp-post-image\" alt=\"\" srcset=\"https:\/\/www.joandelamalla.com\/wp-content\/uploads\/2017\/03\/b46-550x498.jpg 550w, https:\/\/www.joandelamalla.com\/wp-content\/uploads\/2017\/03\/b46-480x434.jpg 480w, https:\/\/www.joandelamalla.com\/wp-content\/uploads\/2017\/03\/b46-125x112.jpg 125w\" sizes=\"auto, (max-width: 550px) 100vw, 550px\" \/><\/span><a class='portfolio_link_class' href='https:\/\/www.joandelamalla.com\/es\/portfolio_page\/vente-de-viaje-fotografico-a-indonesia-en-agosto-2\/' target='_self'><\/a><div class=\"portfolio_shader\"><\/div><div class=\"icons_holder\"><div class=\"icons_holder_inner\"><\/div><\/div><\/div><div class='portfolio_description '><h4 class=\"portfolio_title\" ><a href=\"https:\/\/www.joandelamalla.com\/es\/portfolio_page\/vente-de-viaje-fotografico-a-indonesia-en-agosto-2\/\" target=\"_self\">Vente de viaje fotogr\u00e1fico a Indonesia en Agosto!<\/a><\/h4><h6 class=\"portfolio_subtitle\"><\/h6><\/div><\/article>\n<article class='mix portfolio_category_38 portfolio_category_44 '><div class='image_holder default_hover'><span class='image'><img loading=\"lazy\" decoding=\"async\" width=\"550\" height=\"498\" src=\"https:\/\/www.joandelamalla.com\/wp-content\/uploads\/2017\/02\/22S-04042014-_DSC1833-550x498.jpg\" class=\"attachment-portfolio-default size-portfolio-default wp-post-image\" alt=\"\" srcset=\"https:\/\/www.joandelamalla.com\/wp-content\/uploads\/2017\/02\/22S-04042014-_DSC1833-550x498.jpg 550w, https:\/\/www.joandelamalla.com\/wp-content\/uploads\/2017\/02\/22S-04042014-_DSC1833-480x434.jpg 480w, https:\/\/www.joandelamalla.com\/wp-content\/uploads\/2017\/02\/22S-04042014-_DSC1833-125x112.jpg 125w\" sizes=\"auto, (max-width: 550px) 100vw, 550px\" \/><\/span><a class='portfolio_link_class' href='https:\/\/www.joandelamalla.com\/es\/portfolio_page\/celebra-sant-joan-fotografiando-un-volcan-2\/' target='_self'><\/a><div class=\"portfolio_shader\"><\/div><div class=\"icons_holder\"><div class=\"icons_holder_inner\"><\/div><\/div><\/div><div class='portfolio_description '><h4 class=\"portfolio_title\" ><a href=\"https:\/\/www.joandelamalla.com\/es\/portfolio_page\/celebra-sant-joan-fotografiando-un-volcan-2\/\" target=\"_self\">Fotograf\u00eda un volc\u00e1n en Junio de 2019<\/a><\/h4><h6 class=\"portfolio_subtitle\"><\/h6><\/div><\/article>\n<div class='filler'><\/div>\n<div class='filler'><\/div>\n<div class='filler'><\/div>\n<\/div><\/div>[\/vc_column][\/vc_row]<\/p>\n<\/div>","protected":false},"excerpt":{"rendered":"<p>[vc_row row_type=\u00bbrow\u00bb use_row_as_full_screen_section=\u00bbno\u00bb type=\u00bbfull_width\u00bb text_align=\u00bbleft\u00bb css_animation=\u00bb\u00bb][vc_column][vc_column_text] Workshops de fotograf\u00eda personalizados y para grupos &nbsp; Estos talleres de fotograf\u00eda est\u00e1n especialmente dise\u00f1ados para sacar el m\u00e1ximo provecho a los lugares que se visitan y, a la vez, aprender durante el proceso. Acomp\u00e1\u00f1ame y te ayudar\u00e9 a&#8230;<\/p>\n","protected":false},"author":2,"featured_media":3931,"parent":0,"menu_order":0,"comment_status":"closed","ping_status":"closed","template":"","meta":{"footnotes":""},"class_list":["post-525","page","type-page","status-publish","has-post-thumbnail","hentry"],"_links":{"self":[{"href":"https:\/\/www.joandelamalla.com\/es\/wp-json\/wp\/v2\/pages\/525","targetHints":{"allow":["GET"]}}],"collection":[{"href":"https:\/\/www.joandelamalla.com\/es\/wp-json\/wp\/v2\/pages"}],"about":[{"href":"https:\/\/www.joandelamalla.com\/es\/wp-json\/wp\/v2\/types\/page"}],"author":[{"embeddable":true,"href":"https:\/\/www.joandelamalla.com\/es\/wp-json\/wp\/v2\/users\/2"}],"replies":[{"embeddable":true,"href":"https:\/\/www.joandelamalla.com\/es\/wp-json\/wp\/v2\/comments?post=525"}],"version-history":[{"count":5,"href":"https:\/\/www.joandelamalla.com\/es\/wp-json\/wp\/v2\/pages\/525\/revisions"}],"predecessor-version":[{"id":3972,"href":"https:\/\/www.joandelamalla.com\/es\/wp-json\/wp\/v2\/pages\/525\/revisions\/3972"}],"wp:featuredmedia":[{"embeddable":true,"href":"https:\/\/www.joandelamalla.com\/es\/wp-json\/wp\/v2\/media\/3931"}],"wp:attachment":[{"href":"https:\/\/www.joandelamalla.com\/es\/wp-json\/wp\/v2\/media?parent=525"}],"curies":[{"name":"wp","href":"https:\/\/api.w.org\/{rel}","templated":true}]}}